{"id":5840,"date":"2020-09-08T09:22:44","date_gmt":"2020-09-08T08:22:44","guid":{"rendered":"https:\/\/fxdocuments.com\/najczesciej-zadawane-pytania\/"},"modified":"2023-11-01T02:56:27","modified_gmt":"2023-11-01T01:56:27","slug":"najczesciej-zadawane-pytania","status":"publish","type":"page","link":"https:\/\/fxdocuments.com\/pl\/najczesciej-zadawane-pytania\/","title":{"rendered":"Najcz\u0119\u015bciej zadawane pytania"},"content":{"rendered":"\t\t<div data-elementor-type=\"wp-page\" data-elementor-id=\"5840\" class=\"elementor elementor-5840 elementor-566\">\n\t\t\t\t\t\t<section class=\"elementor-section elementor-top-section elementor-element elementor-element-1fad6c2 elementor-section-boxed elementor-section-height-default elementor-section-height-default\" data-id=\"1fad6c2\" data-element_type=\"section\">\n\t\t\t\t\t\t<div class=\"elementor-container elementor-column-gap-default\">\n\t\t\t\t\t<div class=\"elementor-column elementor-col-100 elementor-top-column elementor-element elementor-element-cfef8fb ot-flex-column-vertical\" data-id=\"cfef8fb\" data-element_type=\"column\">\n\t\t\t<div class=\"elementor-widget-wrap elementor-element-populated\">\n\t\t\t\t\t\t<section class=\"elementor-section elementor-inner-section elementor-element elementor-element-b29ca39 elementor-section-full_width elementor-section-height-default elementor-section-height-default\" data-id=\"b29ca39\" data-element_type=\"section\">\n\t\t\t\t\t\t<div class=\"elementor-container elementor-column-gap-default\">\n\t\t\t\t\t<div class=\"elementor-column elementor-col-33 elementor-inner-column elementor-element elementor-element-3d04547 ot-flex-column-vertical\" data-id=\"3d04547\" data-element_type=\"column\">\n\t\t\t<div class=\"elementor-widget-wrap\">\n\t\t\t\t\t\t\t<\/div>\n\t\t<\/div>\n\t\t\t\t<div class=\"elementor-column elementor-col-33 elementor-inner-column elementor-element elementor-element-ba86566 ot-flex-column-vertical\" data-id=\"ba86566\" data-element_type=\"column\">\n\t\t\t<div class=\"elementor-widget-wrap elementor-element-populated\">\n\t\t\t\t\t\t<div class=\"elementor-element elementor-element-4865c99 elementor-widget elementor-widget-iheading\" data-id=\"4865c99\" data-element_type=\"widget\" data-widget_type=\"iheading.default\">\n\t\t\t\t<div class=\"elementor-widget-container\">\n\t\t\t\t\t\t\t<div class=\"ot-heading\">\r\n\t        <span class=\"\">faqs<\/span>\t        <h3 class=\"main-head\">Most Popular Questions<\/h3>\t    <\/div>\r\n\t    \t\t\t\t<\/div>\n\t\t\t\t<\/div>\n\t\t\t\t<div class=\"elementor-element elementor-element-f714140 elementor-widget elementor-widget-text-editor\" data-id=\"f714140\" data-element_type=\"widget\" data-widget_type=\"text-editor.default\">\n\t\t\t\t<div class=\"elementor-widget-container\">\n\t\t\t\t\t\t\t\t\t<p>Pomagamy Ci spojrze\u0107 na \u015bwiat inaczej, odkry\u0107 mo\u017cliwo\u015bci, kt\u00f3rych by\u0107 mo\u017ce nigdy sobie nie wyobra\u017ca\u0142e\u015b i osi\u0105gn\u0105\u0107 wyniki, kt\u00f3re \u0142\u0105cz\u0105 to, co jest, z tym, co mo\u017ce by\u0107.<\/p>\n\t\t\t\t\t\t\t\t<\/div>\n\t\t\t\t<\/div>\n\t\t\t\t\t<\/div>\n\t\t<\/div>\n\t\t\t\t<div class=\"elementor-column elementor-col-33 elementor-inner-column elementor-element elementor-element-af5bfe2 ot-flex-column-vertical\" data-id=\"af5bfe2\" data-element_type=\"column\">\n\t\t\t<div class=\"elementor-widget-wrap\">\n\t\t\t\t\t\t\t<\/div>\n\t\t<\/div>\n\t\t\t\t\t<\/div>\n\t\t<\/section>\n\t\t\t\t<section class=\"elementor-section elementor-inner-section elementor-element elementor-element-0e107ea elementor-section-full_width elementor-section-height-default elementor-section-height-default\" data-id=\"0e107ea\" data-element_type=\"section\">\n\t\t\t\t\t\t<div class=\"elementor-container elementor-column-gap-extended\">\n\t\t\t\t\t<div class=\"elementor-column elementor-col-50 elementor-inner-column elementor-element elementor-element-531351e ot-flex-column-vertical\" data-id=\"531351e\" data-element_type=\"column\">\n\t\t\t<div class=\"elementor-widget-wrap elementor-element-populated\">\n\t\t\t\t\t\t<div class=\"elementor-element elementor-element-2e8ff7b elementor-widget elementor-widget-iaccordions\" data-id=\"2e8ff7b\" data-element_type=\"widget\" data-widget_type=\"iaccordions.default\">\n\t\t\t\t<div class=\"elementor-widget-container\">\n\t\t\t\t\t\r\n\t\t<div class=\"ot-accordions\">\r\n\t\t\t\t\t\t<div class=\"acc-item\">\r\n\t\t\t\t<div class=\"acc-toggle flex-middle\" data-default=\"yes\">What is the method for me to obtain my documents once they are prepared? \r\n\t\t\t\t\t<i class=\"ot-flaticon-arrowsoutline\"><\/i>\r\n\t\t\t\t<\/div>\r\n\t\t\t\t<div class=\"acc-content\">\r\n\t\t\t\t\t<p>Regardless of your location, we will send your order to the specified address. Our documents are authentic and can easily pass any security checkpoints without difficulty. We ensure complete privacy and protection of our clients' personal information with a guarantee of 100% confidentiality. We have established legal and authorized methods to ship documents discreetly while keeping your personal data secure with us.<\/p>\t\t\t\t<\/div>\r\n\t\t\t<\/div>\r\n\t\t\t\t\t\t<div class=\"acc-item\">\r\n\t\t\t\t<div class=\"acc-toggle flex-middle\" data-default=\"\">In what places would I be able to utilize your documents? \r\n\t\t\t\t\t<i class=\"ot-flaticon-arrowsoutline\"><\/i>\r\n\t\t\t\t<\/div>\r\n\t\t\t\t<div class=\"acc-content\">\r\n\t\t\t\t\t<p>Our authentic documents can be used for work and travel purposes without any issues. However, for the novelty documents, we advise that you only use them online and refrain from attempting to cross the border with them. Although our counterfeit passports appear genuine, they are not registered in the official database, which could result in potential legal issues with law enforcement. Additionally, it is crucial to stay cautious of individuals selling low-priced fake documents that may appear real.<\/p>\t\t\t\t<\/div>\r\n\t\t\t<\/div>\r\n\t\t\t\t\t\t<div class=\"acc-item\">\r\n\t\t\t\t<div class=\"acc-toggle flex-middle\" data-default=\"\">Is it possible to make the payment for my documents after I have received them? \r\n\t\t\t\t\t<i class=\"ot-flaticon-arrowsoutline\"><\/i>\r\n\t\t\t\t<\/div>\r\n\t\t\t\t<div class=\"acc-content\">\r\n\t\t\t\t\t<p>We require full payment upfront for our services. Although, in certain instances, a client may make a partial payment and pay the remaining balance after receiving scanned copies of their documents. Only after we have received full payment can we proceed with delivering the documents to the client.<\/p>\t\t\t\t<\/div>\r\n\t\t\t<\/div>\r\n\t\t\t\t\t\t<div class=\"acc-item\">\r\n\t\t\t\t<div class=\"acc-toggle flex-middle\" data-default=\"\">Is it possible for me to utilize your authentic documents in place of the ones issued by the government? \r\n\t\t\t\t\t<i class=\"ot-flaticon-arrowsoutline\"><\/i>\r\n\t\t\t\t<\/div>\r\n\t\t\t\t<div class=\"acc-content\">\r\n\t\t\t\t\t<p>Certainly, our documents are identical to the ones issued by the government. Our connections with insiders who work within various government institutions worldwide enable us to obtain genuine documents that are registered in official databases. Furthermore, we offer document renewal services for expired documents.<\/p>\t\t\t\t<\/div>\r\n\t\t\t<\/div>\r\n\t\t\t\t\t\t<div class=\"acc-item\">\r\n\t\t\t\t<div class=\"acc-toggle flex-middle\" data-default=\"\">I possess a legitimate passport and require an additional fraudulent passport with altered details. \r\n\t\t\t\t\t<i class=\"ot-flaticon-arrowsoutline\"><\/i>\r\n\t\t\t\t<\/div>\r\n\t\t\t\t<div class=\"acc-content\">\r\n\t\t\t\t\t<p>If you desire any document, genuine or counterfeit, we would require the details that you provide us with. Whether the information is true or false, we will use it to create the document accordingly. Therefore, whatever data you provide us with will be what is reflected in your final document.<\/p>\t\t\t\t<\/div>\r\n\t\t\t<\/div>\r\n\t\t\t\t    <\/div>\r\n\r\n\t    \t\t\t\t<\/div>\n\t\t\t\t<\/div>\n\t\t\t\t\t<\/div>\n\t\t<\/div>\n\t\t\t\t<div class=\"elementor-column elementor-col-50 elementor-inner-column elementor-element elementor-element-a627a5f ot-flex-column-vertical\" data-id=\"a627a5f\" data-element_type=\"column\">\n\t\t\t<div class=\"elementor-widget-wrap elementor-element-populated\">\n\t\t\t\t\t\t<div class=\"elementor-element elementor-element-8463953 elementor-widget elementor-widget-iaccordions\" data-id=\"8463953\" data-element_type=\"widget\" data-widget_type=\"iaccordions.default\">\n\t\t\t\t<div class=\"elementor-widget-container\">\n\t\t\t\t\t\r\n\t\t<div class=\"ot-accordions\">\r\n\t\t\t\t\t\t<div class=\"acc-item\">\r\n\t\t\t\t<div class=\"acc-toggle flex-middle\" data-default=\"yes\">What is the process for utilizing this service? \r\n\t\t\t\t\t<i class=\"ot-flaticon-arrowsoutline\"><\/i>\r\n\t\t\t\t<\/div>\r\n\t\t\t\t<div class=\"acc-content\">\r\n\t\t\t\t\t<p>The first step is to initiate the process by placing an order with us. You can select the specific document that you would like us to create for you to proceed with the order. After we have received your request and payment, we will commence the production of your document. Once it's complete, we will deliver the finished product to you.<\/p>\t\t\t\t<\/div>\r\n\t\t\t<\/div>\r\n\t\t\t\t\t\t<div class=\"acc-item\">\r\n\t\t\t\t<div class=\"acc-toggle flex-middle\" data-default=\"\">In the scenario where you receive an authentic document from us that eventually expires, what should you do if you are unable to locate us for a renewal? \r\n\t\t\t\t\t<i class=\"ot-flaticon-arrowsoutline\"><\/i>\r\n\t\t\t\t<\/div>\r\n\t\t\t\t<div class=\"acc-content\">\r\n\t\t\t\t\t<p>After we have created a genuine document for you, all the details are recorded in the relevant database. As a result, if your document expires, you have the option of approaching the appropriate authorities in your country to renew it. Once they verify that your information is registered correctly in the system, they will proceed with the renewal process without any difficulty.<\/p>\t\t\t\t<\/div>\r\n\t\t\t<\/div>\r\n\t\t\t\t\t\t<div class=\"acc-item\">\r\n\t\t\t\t<div class=\"acc-toggle flex-middle\" data-default=\"\">How long will it take to send my document after I pay? \r\n\t\t\t\t\t<i class=\"ot-flaticon-arrowsoutline\"><\/i>\r\n\t\t\t\t<\/div>\r\n\t\t\t\t<div class=\"acc-content\">\r\n\t\t\t\t\t<p>The duration for us to verify your payment relies on the mode of payment chosen. Bank transfers may take a few days, typically 3 to 5 business days, to reflect in our account. However, payments made via Western Union and MoneyGram are quicker as they can be verified on the same day.<\/p>\t\t\t\t<\/div>\r\n\t\t\t<\/div>\r\n\t\t\t\t\t\t<div class=\"acc-item\">\r\n\t\t\t\t<div class=\"acc-toggle flex-middle\" data-default=\"\">How long will shipping take? \r\n\t\t\t\t\t<i class=\"ot-flaticon-arrowsoutline\"><\/i>\r\n\t\t\t\t<\/div>\r\n\t\t\t\t<div class=\"acc-content\">\r\n\t\t\t\t\t<p>The duration for us to verify your payment relies on the mode of payment chosen. Bank transfers may take a few days, typically 3 to 5 business days, to reflect in our account. However, payments made via Western Union and MoneyGram are quicker as they can be verified on the same day.<\/p>\t\t\t\t<\/div>\r\n\t\t\t<\/div>\r\n\t\t\t\t\t\t<div class=\"acc-item\">\r\n\t\t\t\t<div class=\"acc-toggle flex-middle\" data-default=\"\">What is the quality of your documents? \r\n\t\t\t\t\t<i class=\"ot-flaticon-arrowsoutline\"><\/i>\r\n\t\t\t\t<\/div>\r\n\t\t\t\t<div class=\"acc-content\">\r\n\t\t\t\t\t<p>We create certificates of excellent quality that are indistinguishable from the original documents. We incorporate all security measures such as special paper, watermarks, security threads, intaglio printing, micro-printing, fluorescent dyes, color-changing ink, laser perforation of the document number, latent image, and laser image perforation when producing passports. Please feel free to ask any further questions you may have. Additionally, may I know your full name and email address<\/p>\t\t\t\t<\/div>\r\n\t\t\t<\/div>\r\n\t\t\t\t    <\/div>\r\n\r\n\t    \t\t\t\t<\/div>\n\t\t\t\t<\/div>\n\t\t\t\t\t<\/div>\n\t\t<\/div>\n\t\t\t\t\t<\/div>\n\t\t<\/section>\n\t\t\t\t\t<\/div>\n\t\t<\/div>\n\t\t\t\t\t<\/div>\n\t\t<\/section>\n\t\t\t\t<\/div>\n\t\t","protected":false},"excerpt":{"rendered":"<p>faqs Most Popular Questions Pomagamy Ci spojrze\u0107 na \u015bwiat inaczej, odkry\u0107 mo\u017cliwo\u015bci, kt\u00f3rych by\u0107 mo\u017ce nigdy sobie nie wyobra\u017ca\u0142e\u015b i osi\u0105gn\u0105\u0107 wyniki, kt\u00f3re \u0142\u0105cz\u0105 to, co jest, z tym, co mo\u017ce by\u0107. What is the method for me to obtain my documents once they are prepared? Regardless of your location, we will send your order [&hellip;]<\/p>\n","protected":false},"author":1,"featured_media":0,"parent":0,"menu_order":0,"comment_status":"closed","ping_status":"closed","template":"","meta":{"footnotes":""},"class_list":["post-5840","page","type-page","status-publish","hentry"],"_links":{"self":[{"href":"https:\/\/fxdocuments.com\/pl\/wp-json\/wp\/v2\/pages\/5840","targetHints":{"allow":["GET"]}}],"collection":[{"href":"https:\/\/fxdocuments.com\/pl\/wp-json\/wp\/v2\/pages"}],"about":[{"href":"https:\/\/fxdocuments.com\/pl\/wp-json\/wp\/v2\/types\/page"}],"author":[{"embeddable":true,"href":"https:\/\/fxdocuments.com\/pl\/wp-json\/wp\/v2\/users\/1"}],"replies":[{"embeddable":true,"href":"https:\/\/fxdocuments.com\/pl\/wp-json\/wp\/v2\/comments?post=5840"}],"version-history":[{"count":0,"href":"https:\/\/fxdocuments.com\/pl\/wp-json\/wp\/v2\/pages\/5840\/revisions"}],"wp:attachment":[{"href":"https:\/\/fxdocuments.com\/pl\/wp-json\/wp\/v2\/media?parent=5840"}],"curies":[{"name":"wp","href":"https:\/\/api.w.org\/{rel}","templated":true}]}}